{"id":187,"date":"2026-01-02T14:40:43","date_gmt":"2026-01-02T14:40:43","guid":{"rendered":"https:\/\/sol-aire-de-jeux.fr\/?page_id=187"},"modified":"2026-01-02T14:53:59","modified_gmt":"2026-01-02T14:53:59","slug":"devis-sol-aire-de-jeux","status":"publish","type":"page","link":"https:\/\/sol-aire-de-jeux.fr\/index.php\/devis-sol-aire-de-jeux\/","title":{"rendered":"\/devis-sol-aire-de-jeux\/"},"content":{"rendered":"\n<h1 class=\"wp-block-heading\">Demandez votre devis pour aires de jeux et sols amortissants<\/h1>\n\n\n\n<p>KALI CONSTRUCTION vous accompagne dans tous vos projets d\u2019aires de jeux s\u00e9curis\u00e9es et de sols amortissants en Centre-Val de Loire et d\u00e9partements limitrophes. Obtenez un devis gratuit et personnalis\u00e9 rapidement.<\/p>\n\n\n\n<h2 class=\"wp-block-heading\">Formulaire de demande de devis<\/h2>\n\n\n\n<h3 class=\"wp-block-heading\">Votre projet<\/h3>\n\n\n\n<p>Type de projet Sol EPDM coul\u00e9 en place Dalles amortissantes Fourniture et pose de jeux Autre Envoyer ma demande de devis<\/p>\n\n\n\n<h2 class=\"wp-block-heading\">Pourquoi choisir KALI CONSTRUCTION ?<\/h2>\n\n\n\n<ul class=\"wp-block-list\">\n<li>\u2705 Expertise r\u00e9gionale dans les aires de jeux et sols amortissants<\/li>\n\n\n\n<li>\u2705 Conformit\u00e9 aux normes EN 1176 et EN 1177<\/li>\n\n\n\n<li>\u2705 Travaux rapides et mat\u00e9riaux durables<\/li>\n\n\n\n<li>\u2705 Devis gratuit et personnalis\u00e9 pour votre collectivit\u00e9<\/li>\n<\/ul>\n\n\n\n<p>Nous vous contacterons rapidement pour \u00e9tudier votre projet et vous proposer la solution la plus adapt\u00e9e.<\/p>\n\n\n\n<h2 class=\"wp-block-heading\">Contact direct<\/h2>\n\n\n\n<p>\ud83d\udcde T\u00e9l\u00e9phone : 06 52 07 77 46 \u2013 06 52 66 11 62<br>\ud83d\udce7 Email : <a href=\"mailto:sarlkaliconstruction@gmail.com\">sarlkaliconstruction@gmail.com<\/a> \/ <a href=\"mailto:contact@kaliconstruction.fr\">contact@kaliconstruction.fr<\/a><br>\ud83d\udccd Adresse : SARL KALI CONSTRUCTION, 19 Boulevard de l\u2019Industrie, 41000 BLOIS<\/p>\n","protected":false},"excerpt":{"rendered":"<p>Demandez votre devis pour aires de jeux et sols amortissants KALI CONSTRUCTION vous accompagne dans tous vos projets d\u2019aires de [&hellip;]<\/p>\n","protected":false},"author":1,"featured_media":0,"parent":0,"menu_order":0,"comment_status":"closed","ping_status":"closed","template":"","meta":{"_seopress_robots_primary_cat":"","_seopress_titles_title":"","_seopress_titles_desc":"","_seopress_robots_index":"","om_disable_all_campaigns":false,"_monsterinsights_skip_tracking":false,"_monsterinsights_sitenote_active":false,"_monsterinsights_sitenote_note":"","_monsterinsights_sitenote_category":0,"site-sidebar-layout":"default","site-content-layout":"","ast-site-content-layout":"default","site-content-style":"default","site-sidebar-style":"default","ast-global-header-display":"","ast-banner-title-visibility":"","ast-main-header-display":"","ast-hfb-above-header-display":"","ast-hfb-below-header-display":"","ast-hfb-mobile-header-display":"","site-post-title":"","ast-breadcrumbs-content":"","ast-featured-img":"","footer-sml-layout":"","ast-disable-related-posts":"","theme-transparent-header-meta":"","adv-header-id-meta":"","stick-header-meta":"","header-above-stick-meta":"","header-main-stick-meta":"","header-below-stick-meta":"","astra-migrate-meta-layouts":"default","ast-page-background-enabled":"default","ast-page-background-meta":{"desktop":{"background-color":"var(--ast-global-color-5)","background-image":"","background-repeat":"repeat","background-position":"center center","background-size":"auto","background-attachment":"scroll","background-type":"","background-media":"","overlay-type":"","overlay-color":"","overlay-opacity":"","overlay-gradient":""},"tablet":{"background-color":"","background-image":"","background-repeat":"repeat","background-position":"center center","background-size":"auto","background-attachment":"scroll","background-type":"","background-media":"","overlay-type":"","overlay-color":"","overlay-opacity":"","overlay-gradient":""},"mobile":{"background-color":"","background-image":"","background-repeat":"repeat","background-position":"center center","background-size":"auto","background-attachment":"scroll","background-type":"","background-media":"","overlay-type":"","overlay-color":"","overlay-opacity":"","overlay-gradient":""}},"ast-content-background-meta":{"desktop":{"background-color":"var(--ast-global-color-4)","background-image":"","background-repeat":"repeat","background-position":"center center","background-size":"auto","background-attachment":"scroll","background-type":"","background-media":"","overlay-type":"","overlay-color":"","overlay-opacity":"","overlay-gradient":""},"tablet":{"background-color":"var(--ast-global-color-4)","background-image":"","background-repeat":"repeat","background-position":"center center","background-size":"auto","background-attachment":"scroll","background-type":"","background-media":"","overlay-type":"","overlay-color":"","overlay-opacity":"","overlay-gradient":""},"mobile":{"background-color":"var(--ast-global-color-4)","background-image":"","background-repeat":"repeat","background-position":"center center","background-size":"auto","background-attachment":"scroll","background-type":"","background-media":"","overlay-type":"","overlay-color":"","overlay-opacity":"","overlay-gradient":""}},"footnotes":""},"class_list":["post-187","page","type-page","status-publish","hentry"],"aioseo_notices":[],"_links":{"self":[{"href":"https:\/\/sol-aire-de-jeux.fr\/index.php\/wp-json\/wp\/v2\/pages\/187","targetHints":{"allow":["GET"]}}],"collection":[{"href":"https:\/\/sol-aire-de-jeux.fr\/index.php\/wp-json\/wp\/v2\/pages"}],"about":[{"href":"https:\/\/sol-aire-de-jeux.fr\/index.php\/wp-json\/wp\/v2\/types\/page"}],"author":[{"embeddable":true,"href":"https:\/\/sol-aire-de-jeux.fr\/index.php\/wp-json\/wp\/v2\/users\/1"}],"replies":[{"embeddable":true,"href":"https:\/\/sol-aire-de-jeux.fr\/index.php\/wp-json\/wp\/v2\/comments?post=187"}],"version-history":[{"count":1,"href":"https:\/\/sol-aire-de-jeux.fr\/index.php\/wp-json\/wp\/v2\/pages\/187\/revisions"}],"predecessor-version":[{"id":191,"href":"https:\/\/sol-aire-de-jeux.fr\/index.php\/wp-json\/wp\/v2\/pages\/187\/revisions\/191"}],"wp:attachment":[{"href":"https:\/\/sol-aire-de-jeux.fr\/index.php\/wp-json\/wp\/v2\/media?parent=187"}],"curies":[{"name":"wp","href":"https:\/\/api.w.org\/{rel}","templated":true}]}}