{"id":35,"date":"2026-01-02T13:27:27","date_gmt":"2026-01-02T13:27:27","guid":{"rendered":"http:\/\/sol-aire-de-jeux.fr\/?page_id=35"},"modified":"2026-01-02T14:42:21","modified_gmt":"2026-01-02T14:42:21","slug":"contact","status":"publish","type":"page","link":"https:\/\/sol-aire-de-jeux.fr\/index.php\/contact\/","title":{"rendered":"CONTACT"},"content":{"rendered":"\n<h1 class=\"wp-block-heading\">Contact \u2013 KALI CONSTRUCTION<\/h1>\n\n\n\n<p>Pour toute information ou pour discuter de votre projet, <strong>n\u2019h\u00e9sitez pas \u00e0 nous contacter<\/strong>. Notre \u00e9quipe est \u00e0 votre disposition pour r\u00e9pondre \u00e0 toutes vos questions et vous accompagner dans la r\u00e9alisation de vos travaux <strong>d\u2019am\u00e9nagement ext\u00e9rieur et de sols techniques<\/strong>.<\/p>\n\n\n\n<h2 class=\"wp-block-heading\">Une \u00e9quipe \u00e0 votre \u00e9coute<\/h2>\n\n\n\n<p>Que vous soyez une <strong>mairie, une collectivit\u00e9, un \u00e9tablissement public<\/strong> ou un professionnel, <strong>KALI CONSTRUCTION<\/strong> vous accompagne dans vos projets avec s\u00e9rieux, expertise technique et respect des normes.<\/p>\n\n\n\n<h2 class=\"wp-block-heading\">Coordonn\u00e9es<\/h2>\n\n\n\n<p>\ud83d\udcde <strong>T\u00e9l\u00e9phone :<\/strong><br><a href=\"tel:0652077746\">06 52 07 77 46<\/a> \u2013 <a href=\"tel:0652661162\">06 52 66 11 62<\/a><\/p>\n\n\n\n<p>\ud83d\udce7 <strong>Email :<\/strong><br><a href=\"mailto:contact@kaliconstruction.fr\">contact@kaliconstruction.fr<\/a><br><a href=\"mailto:sarlkaliconstruction@gmail.com\">sarlkaliconstruction@gmail.com<\/a><\/p>\n\n\n\n<p>\ud83d\udccd <strong>Adresse :<\/strong><br>SARL KALI CONSTRUCTION<br>19 Boulevard de l\u2019Industrie<br>41000 BLOIS<\/p>\n\n\n\n<p><strong>SIRET :<\/strong> 950 929 638<\/p>\n\n\n\n<h2 class=\"wp-block-heading\">Un projet ? Parlons-en<\/h2>\n\n\n\n<p>Nous sommes impatients de collaborer avec vous et de donner vie \u00e0 vos projets d\u2019<strong>am\u00e9nagement durable et esth\u00e9tique<\/strong>.<\/p>\n\n\n\n<p>Pour une \u00e9tude plus pr\u00e9cise de votre projet d\u2019aire de jeux, nous vous invitons \u00e0 utiliser notre formulaire d\u00e9di\u00e9 : <a href=\"https:\/\/sol-aire-de-jeux.fr\/index.php\/devis-sol-aire-de-jeux\/\" class=\"ek-link\">Demande de devis sol amortissant<\/a><\/p>\n\n\n\n<h2 class=\"wp-block-heading\">Zone d\u2019intervention<\/h2>\n\n\n\n<p>Bas\u00e9e \u00e0 <strong>Blois (41)<\/strong>, <strong>KALI CONSTRUCTION<\/strong> intervient principalement en <strong>R\u00e9gion Centre-Val de Loire<\/strong> ainsi que dans les <strong>d\u00e9partements limitrophes<\/strong>.<\/p>\n","protected":false},"excerpt":{"rendered":"<p>Contact \u2013 KALI CONSTRUCTION Pour toute information ou pour discuter de votre projet, n\u2019h\u00e9sitez pas \u00e0 nous contacter. Notre \u00e9quipe [&hellip;]<\/p>\n","protected":false},"author":1,"featured_media":0,"parent":0,"menu_order":0,"comment_status":"closed","ping_status":"closed","template":"","meta":{"_seopress_robots_primary_cat":"","_seopress_titles_title":"","_seopress_titles_desc":"","_seopress_robots_index":"","om_disable_all_campaigns":false,"_monsterinsights_skip_tracking":false,"_monsterinsights_sitenote_active":false,"_monsterinsights_sitenote_note":"","_monsterinsights_sitenote_category":0,"site-sidebar-layout":"default","site-content-layout":"","ast-site-content-layout":"default","site-content-style":"default","site-sidebar-style":"default","ast-global-header-display":"","ast-banner-title-visibility":"","ast-main-header-display":"","ast-hfb-above-header-display":"","ast-hfb-below-header-display":"","ast-hfb-mobile-header-display":"","site-post-title":"","ast-breadcrumbs-content":"","ast-featured-img":"","footer-sml-layout":"","ast-disable-related-posts":"","theme-transparent-header-meta":"","adv-header-id-meta":"","stick-header-meta":"","header-above-stick-meta":"","header-main-stick-meta":"","header-below-stick-meta":"","astra-migrate-meta-layouts":"default","ast-page-background-enabled":"default","ast-page-background-meta":{"desktop":{"background-color":"var(--ast-global-color-5)","background-image":"","background-repeat":"repeat","background-position":"center center","background-size":"auto","background-attachment":"scroll","background-type":"","background-media":"","overlay-type":"","overlay-color":"","overlay-opacity":"","overlay-gradient":""},"tablet":{"background-color":"","background-image":"","background-repeat":"repeat","background-position":"center center","background-size":"auto","background-attachment":"scroll","background-type":"","background-media":"","overlay-type":"","overlay-color":"","overlay-opacity":"","overlay-gradient":""},"mobile":{"background-color":"","background-image":"","background-repeat":"repeat","background-position":"center center","background-size":"auto","background-attachment":"scroll","background-type":"","background-media":"","overlay-type":"","overlay-color":"","overlay-opacity":"","overlay-gradient":""}},"ast-content-background-meta":{"desktop":{"background-color":"var(--ast-global-color-4)","background-image":"","background-repeat":"repeat","background-position":"center center","background-size":"auto","background-attachment":"scroll","background-type":"","background-media":"","overlay-type":"","overlay-color":"","overlay-opacity":"","overlay-gradient":""},"tablet":{"background-color":"var(--ast-global-color-4)","background-image":"","background-repeat":"repeat","background-position":"center center","background-size":"auto","background-attachment":"scroll","background-type":"","background-media":"","overlay-type":"","overlay-color":"","overlay-opacity":"","overlay-gradient":""},"mobile":{"background-color":"var(--ast-global-color-4)","background-image":"","background-repeat":"repeat","background-position":"center center","background-size":"auto","background-attachment":"scroll","background-type":"","background-media":"","overlay-type":"","overlay-color":"","overlay-opacity":"","overlay-gradient":""}},"footnotes":""},"class_list":["post-35","page","type-page","status-publish","hentry"],"aioseo_notices":[],"_links":{"self":[{"href":"https:\/\/sol-aire-de-jeux.fr\/index.php\/wp-json\/wp\/v2\/pages\/35","targetHints":{"allow":["GET"]}}],"collection":[{"href":"https:\/\/sol-aire-de-jeux.fr\/index.php\/wp-json\/wp\/v2\/pages"}],"about":[{"href":"https:\/\/sol-aire-de-jeux.fr\/index.php\/wp-json\/wp\/v2\/types\/page"}],"author":[{"embeddable":true,"href":"https:\/\/sol-aire-de-jeux.fr\/index.php\/wp-json\/wp\/v2\/users\/1"}],"replies":[{"embeddable":true,"href":"https:\/\/sol-aire-de-jeux.fr\/index.php\/wp-json\/wp\/v2\/comments?post=35"}],"version-history":[{"count":2,"href":"https:\/\/sol-aire-de-jeux.fr\/index.php\/wp-json\/wp\/v2\/pages\/35\/revisions"}],"predecessor-version":[{"id":194,"href":"https:\/\/sol-aire-de-jeux.fr\/index.php\/wp-json\/wp\/v2\/pages\/35\/revisions\/194"}],"wp:attachment":[{"href":"https:\/\/sol-aire-de-jeux.fr\/index.php\/wp-json\/wp\/v2\/media?parent=35"}],"curies":[{"name":"wp","href":"https:\/\/api.w.org\/{rel}","templated":true}]}}